{"id":411,"date":"2025-02-18T18:42:42","date_gmt":"2025-02-18T18:42:42","guid":{"rendered":"https:\/\/studioefotografias.website\/?page_id=411"},"modified":"2025-08-06T13:11:53","modified_gmt":"2025-08-06T13:11:53","slug":"letras-monobloco","status":"publish","type":"page","link":"https:\/\/studioefotografias.website\/index.php\/letras-monobloco\/","title":{"rendered":"Letras Monobloco"},"content":{"rendered":"\t\t<div data-elementor-type=\"wp-page\" data-elementor-id=\"411\" class=\"elementor elementor-411\">\n\t\t\t\t<div class=\"elementor-element elementor-element-b68d4d8 e-flex e-con-boxed e-con e-parent\" data-id=\"b68d4d8\" data-element_type=\"container\" data-e-type=\"container\" data-settings=\"{&quot;background_background&quot;:&quot;classic&quot;}\">\n\t\t\t\t\t<div class=\"e-con-inner\">\n\t\t\t\t<div class=\"elementor-element elementor-element-d4e93a6 elementor-widget elementor-widget-heading\" data-id=\"d4e93a6\" data-element_type=\"widget\" data-e-type=\"widget\" data-widget_type=\"heading.default\">\n\t\t\t\t<div class=\"elementor-widget-container\">\n\t\t\t\t\t<h2 class=\"elementor-heading-title elementor-size-default\">letras em monobloco<\/h2>\t\t\t\t<\/div>\n\t\t\t\t<\/div>\n\t\t\t\t\t<\/div>\n\t\t\t\t<\/div>\n\t\t\t\t<section class=\"elementor-section elementor-top-section elementor-element elementor-element-a239eba elementor-section-boxed elementor-section-height-default elementor-section-height-default\" data-id=\"a239eba\" data-element_type=\"section\" data-e-type=\"section\" data-settings=\"{&quot;background_background&quot;:&quot;classic&quot;}\">\n\t\t\t\t\t\t<div class=\"elementor-container elementor-column-gap-default\">\n\t\t\t\t\t<div class=\"elementor-column elementor-col-100 elementor-top-column elementor-element elementor-element-5364f0b\" data-id=\"5364f0b\" data-element_type=\"column\" data-e-type=\"column\">\n\t\t\t<div class=\"elementor-widget-wrap elementor-element-populated\">\n\t\t\t\t\t\t<div class=\"elementor-element elementor-element-01cc71e elementor-widget elementor-widget-elementskit-heading\" data-id=\"01cc71e\" data-element_type=\"widget\" data-e-type=\"widget\" data-widget_type=\"elementskit-heading.default\">\n\t\t\t\t<div class=\"elementor-widget-container\">\n\t\t\t\t\t<div class=\"ekit-wid-con\" ><div class=\"ekit-heading elementskit-section-title-wraper text_left   ekit_heading_tablet-   ekit_heading_mobile-\"><h2 class=\"ekit-heading--title elementskit-section-title \"><span><span>Letras Monobloco<\/span><\/span> para Publicidade, Identifica\u00e7\u00e3o e Decora\u00e7\u00e3o<\/h2><div class=\"ekit_heading_separetor_wraper ekit_heading_elementskit-border-divider ekit-dotted\"><div class=\"elementskit-border-divider ekit-dotted\"><\/div><\/div><\/div><\/div>\t\t\t\t<\/div>\n\t\t\t\t<\/div>\n\t\t<div class=\"elementor-element elementor-element-b39129e e-grid e-con-boxed e-con e-parent\" data-id=\"b39129e\" data-element_type=\"container\" data-e-type=\"container\">\n\t\t\t\t\t<div class=\"e-con-inner\">\n\t\t\t\t<div class=\"elementor-element elementor-element-0e04a34 elementor-widget__width-initial elementor-widget elementor-widget-text-editor\" data-id=\"0e04a34\" data-element_type=\"widget\" data-e-type=\"widget\" data-widget_type=\"text-editor.default\">\n\t\t\t\t<div class=\"elementor-widget-container\">\n\t\t\t\t\t\t\t\t\t<p>As letras monobloco s\u00e3o ideais para destacar o nome da sua empresa, proporcionando visibilidade e notoriedade \u00e0 marca. No interior, funcionam como elementos decorativos de destaque. Fabricadas nas nossas instala\u00e7\u00f5es por t\u00e9cnicos especializados, s\u00e3o estudadas ao pormenor para garantir a escolha dos materiais mais adequados, como alum\u00ednio, lat\u00e3o, a\u00e7o inox ou acr\u00edlico, assegurando durabilidade e resist\u00eancia.<\/p><p>Os letreiros podem ter qualquer tamanho, formato e estilo. Cada letra funciona isoladamente, emitindo luz para a frente ou para tr\u00e1s, podendo ainda ser combinada com caixas de luz para um efeito exclusivo. Partilhe as suas ideias connosco e juntos criaremos o melhor impacto visual.<\/p>\t\t\t\t\t\t\t\t<\/div>\n\t\t\t\t<\/div>\n\t\t\t\t<div class=\"elementor-element elementor-element-6a3d372 elementor-widget elementor-widget-image\" data-id=\"6a3d372\" data-element_type=\"widget\" data-e-type=\"widget\" data-widget_type=\"image.default\">\n\t\t\t\t<div class=\"elementor-widget-container\">\n\t\t\t\t\t\t\t\t\t\t\t\t\t\t\t<img fetchpriority=\"high\" decoding=\"async\" width=\"800\" height=\"480\" src=\"https:\/\/studioefotografias.website\/wp-content\/uploads\/2025\/02\/1-5-1024x614.png\" class=\"attachment-large size-large wp-image-272\" alt=\"\" srcset=\"https:\/\/studioefotografias.website\/wp-content\/uploads\/2025\/02\/1-5-1024x614.png 1024w, https:\/\/studioefotografias.website\/wp-content\/uploads\/2025\/02\/1-5-300x180.png 300w, https:\/\/studioefotografias.website\/wp-content\/uploads\/2025\/02\/1-5-768x461.png 768w, https:\/\/studioefotografias.website\/wp-content\/uploads\/2025\/02\/1-5-1536x922.png 1536w, https:\/\/studioefotografias.website\/wp-content\/uploads\/2025\/02\/1-5-200x120.png 200w, https:\/\/studioefotografias.website\/wp-content\/uploads\/2025\/02\/1-5.png 1920w\" sizes=\"(max-width: 800px) 100vw, 800px\" \/>\t\t\t\t\t\t\t\t\t\t\t\t\t\t\t<\/div>\n\t\t\t\t<\/div>\n\t\t\t\t\t<\/div>\n\t\t\t\t<\/div>\n\t\t\t\t\t<\/div>\n\t\t<\/div>\n\t\t\t\t\t<\/div>\n\t\t<\/section>\n\t\t<div class=\"elementor-element elementor-element-ad9d899 e-flex e-con-boxed e-con e-parent\" data-id=\"ad9d899\" data-element_type=\"container\" data-e-type=\"container\">\n\t\t\t\t\t<div class=\"e-con-inner\">\n\t\t\t\t<div class=\"elementor-element elementor-element-b73db71 elementor-align-center elementor-widget elementor-widget-button\" data-id=\"b73db71\" data-element_type=\"widget\" data-e-type=\"widget\" data-widget_type=\"button.default\">\n\t\t\t\t<div class=\"elementor-widget-container\">\n\t\t\t\t\t\t\t\t\t<div class=\"elementor-button-wrapper\">\n\t\t\t\t\t<a class=\"elementor-button elementor-button-link elementor-size-sm elementor-animation-shrink\" href=\"https:\/\/wa.link\/b0lj9i\">\n\t\t\t\t\t\t<span class=\"elementor-button-content-wrapper\">\n\t\t\t\t\t\t\t\t\t<span class=\"elementor-button-text\">PEDIR OR\u00c7AMENTO GRATUITO<\/span>\n\t\t\t\t\t<\/span>\n\t\t\t\t\t<\/a>\n\t\t\t\t<\/div>\n\t\t\t\t\t\t\t\t<\/div>\n\t\t\t\t<\/div>\n\t\t\t\t\t<\/div>\n\t\t\t\t<\/div>\n\t\t\t\t<section class=\"elementor-section elementor-top-section elementor-element elementor-element-bf01fea elementor-section-boxed elementor-section-height-default elementor-section-height-default\" data-id=\"bf01fea\" data-element_type=\"section\" data-e-type=\"section\">\n\t\t\t\t\t\t<div class=\"elementor-container elementor-column-gap-default\">\n\t\t\t\t\t<div class=\"elementor-column elementor-col-100 elementor-top-column elementor-element elementor-element-3aa9aea\" data-id=\"3aa9aea\" data-element_type=\"column\" data-e-type=\"column\">\n\t\t\t<div class=\"elementor-widget-wrap elementor-element-populated\">\n\t\t\t\t\t\t<div class=\"elementor-element elementor-element-900adf5 elementor-widget elementor-widget-elementskit-heading\" data-id=\"900adf5\" data-element_type=\"widget\" data-e-type=\"widget\" data-widget_type=\"elementskit-heading.default\">\n\t\t\t\t<div class=\"elementor-widget-container\">\n\t\t\t\t\t<div class=\"ekit-wid-con\" ><div class=\"ekit-heading elementskit-section-title-wraper text_left   ekit_heading_tablet-   ekit_heading_mobile-\"><h2 class=\"ekit-heading--title elementskit-section-title \">Letras monobloco iluminadas<\/h2><div class=\"ekit_heading_separetor_wraper ekit_heading_elementskit-border-divider ekit-dotted\"><div class=\"elementskit-border-divider ekit-dotted\"><\/div><\/div><\/div><\/div>\t\t\t\t<\/div>\n\t\t\t\t<\/div>\n\t\t<div class=\"elementor-element elementor-element-8bc9464 e-grid e-con-boxed e-con e-parent\" data-id=\"8bc9464\" data-element_type=\"container\" data-e-type=\"container\">\n\t\t\t\t\t<div class=\"e-con-inner\">\n\t\t\t\t<div class=\"elementor-element elementor-element-6bb852e elementor-widget__width-initial elementor-widget elementor-widget-text-editor\" data-id=\"6bb852e\" data-element_type=\"widget\" data-e-type=\"widget\" data-widget_type=\"text-editor.default\">\n\t\t\t\t<div class=\"elementor-widget-container\">\n\t\t\t\t\t\t\t\t\t<p>As letras monobloco iluminadas destacam-se pela sua atratividade, podendo emitir luz direta ou indireta. Garantem maior visibilidade da marca durante o dia e \u00e0 noite, sendo ideais para institui\u00e7\u00f5es banc\u00e1rias, ag\u00eancias de viagens, centros de an\u00e1lises e farm\u00e1cias, bem como para estabelecimentos que procuram um visual mais discreto e sofisticado.<\/p>\t\t\t\t\t\t\t\t<\/div>\n\t\t\t\t<\/div>\n\t\t\t\t\t<\/div>\n\t\t\t\t<\/div>\n\t\t\t\t\t<\/div>\n\t\t<\/div>\n\t\t\t\t\t<\/div>\n\t\t<\/section>\n\t\t<div class=\"elementor-element elementor-element-a95b643 e-flex e-con-boxed e-con e-parent\" data-id=\"a95b643\" data-element_type=\"container\" data-e-type=\"container\">\n\t\t\t\t\t<div class=\"e-con-inner\">\n\t\t\t\t<div class=\"elementor-element elementor-element-7fc27e7 elementor-widget elementor-widget-image\" data-id=\"7fc27e7\" data-element_type=\"widget\" data-e-type=\"widget\" data-widget_type=\"image.default\">\n\t\t\t\t<div class=\"elementor-widget-container\">\n\t\t\t\t\t\t\t\t\t\t\t\t\t\t\t<img decoding=\"async\" width=\"1920\" height=\"1152\" src=\"https:\/\/studioefotografias.website\/wp-content\/uploads\/2025\/02\/7-1.png\" class=\"attachment-full size-full wp-image-217\" alt=\"\" srcset=\"https:\/\/studioefotografias.website\/wp-content\/uploads\/2025\/02\/7-1.png 1920w, https:\/\/studioefotografias.website\/wp-content\/uploads\/2025\/02\/7-1-300x180.png 300w, https:\/\/studioefotografias.website\/wp-content\/uploads\/2025\/02\/7-1-1024x614.png 1024w, https:\/\/studioefotografias.website\/wp-content\/uploads\/2025\/02\/7-1-768x461.png 768w, https:\/\/studioefotografias.website\/wp-content\/uploads\/2025\/02\/7-1-1536x922.png 1536w, https:\/\/studioefotografias.website\/wp-content\/uploads\/2025\/02\/7-1-200x120.png 200w\" sizes=\"(max-width: 1920px) 100vw, 1920px\" \/>\t\t\t\t\t\t\t\t\t\t\t\t\t\t\t<\/div>\n\t\t\t\t<\/div>\n\t\t\t\t\t<\/div>\n\t\t\t\t<\/div>\n\t\t\t\t<section class=\"elementor-section elementor-top-section elementor-element elementor-element-44d2561 elementor-section-boxed elementor-section-height-default elementor-section-height-default\" data-id=\"44d2561\" data-element_type=\"section\" data-e-type=\"section\" data-settings=\"{&quot;background_background&quot;:&quot;classic&quot;}\">\n\t\t\t\t\t\t<div class=\"elementor-container elementor-column-gap-default\">\n\t\t\t\t\t<div class=\"elementor-column elementor-col-100 elementor-top-column elementor-element elementor-element-4d6967d\" data-id=\"4d6967d\" data-element_type=\"column\" data-e-type=\"column\">\n\t\t\t<div class=\"elementor-widget-wrap elementor-element-populated\">\n\t\t\t\t\t\t<div class=\"elementor-element elementor-element-140ac43 elementor-widget elementor-widget-elementskit-heading\" data-id=\"140ac43\" data-element_type=\"widget\" data-e-type=\"widget\" data-widget_type=\"elementskit-heading.default\">\n\t\t\t\t<div class=\"elementor-widget-container\">\n\t\t\t\t\t<div class=\"ekit-wid-con\" ><div class=\"ekit-heading elementskit-section-title-wraper text_left   ekit_heading_tablet-   ekit_heading_mobile-\"><h2 class=\"ekit-heading--title elementskit-section-title \">Log\u00f3tipos em <span><span>monobloco<\/span><\/span><\/h2><div class=\"ekit_heading_separetor_wraper ekit_heading_elementskit-border-divider ekit-dotted\"><div class=\"elementskit-border-divider ekit-dotted\"><\/div><\/div><\/div><\/div>\t\t\t\t<\/div>\n\t\t\t\t<\/div>\n\t\t<div class=\"elementor-element elementor-element-184cce8 e-grid e-con-boxed e-con e-parent\" data-id=\"184cce8\" data-element_type=\"container\" data-e-type=\"container\">\n\t\t\t\t\t<div class=\"e-con-inner\">\n\t\t\t\t<div class=\"elementor-element elementor-element-585d02a elementor-widget__width-initial elementor-widget elementor-widget-text-editor\" data-id=\"585d02a\" data-element_type=\"widget\" data-e-type=\"widget\" data-widget_type=\"text-editor.default\">\n\t\t\t\t<div class=\"elementor-widget-container\">\n\t\t\t\t\t\t\t\t\tFabricamos log\u00f3tipos em monobloco e letras 3D iluminadas para publicidade e decora\u00e7\u00e3o. Aplicados em fachadas exteriores ou interiores de restaurantes, hot\u00e9is, stands de autom\u00f3veis, lojas, cl\u00ednicas ou eventos, estes elementos destacam-se pela sua originalidade e impacto visual.\t\t\t\t\t\t\t\t<\/div>\n\t\t\t\t<\/div>\n\t\t\t\t\t<\/div>\n\t\t\t\t<\/div>\n\t\t<div class=\"elementor-element elementor-element-12408ea e-grid e-con-boxed e-con e-parent\" data-id=\"12408ea\" data-element_type=\"container\" data-e-type=\"container\">\n\t\t\t\t\t<div class=\"e-con-inner\">\n\t\t\t\t<div class=\"elementor-element elementor-element-ab2a15c elementor-widget elementor-widget-image\" data-id=\"ab2a15c\" data-element_type=\"widget\" data-e-type=\"widget\" data-widget_type=\"image.default\">\n\t\t\t\t<div class=\"elementor-widget-container\">\n\t\t\t\t\t\t\t\t\t\t\t\t\t\t\t<img decoding=\"async\" width=\"800\" height=\"480\" src=\"https:\/\/studioefotografias.website\/wp-content\/uploads\/2025\/02\/9-1-1024x614.png\" class=\"attachment-large size-large wp-image-219\" alt=\"\" srcset=\"https:\/\/studioefotografias.website\/wp-content\/uploads\/2025\/02\/9-1-1024x614.png 1024w, https:\/\/studioefotografias.website\/wp-content\/uploads\/2025\/02\/9-1-300x180.png 300w, https:\/\/studioefotografias.website\/wp-content\/uploads\/2025\/02\/9-1-768x461.png 768w, https:\/\/studioefotografias.website\/wp-content\/uploads\/2025\/02\/9-1-1536x922.png 1536w, https:\/\/studioefotografias.website\/wp-content\/uploads\/2025\/02\/9-1-200x120.png 200w, https:\/\/studioefotografias.website\/wp-content\/uploads\/2025\/02\/9-1.png 1920w\" sizes=\"(max-width: 800px) 100vw, 800px\" \/>\t\t\t\t\t\t\t\t\t\t\t\t\t\t\t<\/div>\n\t\t\t\t<\/div>\n\t\t\t\t<div class=\"elementor-element elementor-element-1f2ce54 elementor-widget elementor-widget-image\" data-id=\"1f2ce54\" data-element_type=\"widget\" data-e-type=\"widget\" data-widget_type=\"image.default\">\n\t\t\t\t<div class=\"elementor-widget-container\">\n\t\t\t\t\t\t\t\t\t\t\t\t\t\t\t<img loading=\"lazy\" decoding=\"async\" width=\"800\" height=\"480\" src=\"https:\/\/studioefotografias.website\/wp-content\/uploads\/2025\/02\/10-3-1024x615.png\" class=\"attachment-large size-large wp-image-265\" alt=\"\" srcset=\"https:\/\/studioefotografias.website\/wp-content\/uploads\/2025\/02\/10-3-1024x615.png 1024w, https:\/\/studioefotografias.website\/wp-content\/uploads\/2025\/02\/10-3-300x180.png 300w, https:\/\/studioefotografias.website\/wp-content\/uploads\/2025\/02\/10-3-768x461.png 768w, https:\/\/studioefotografias.website\/wp-content\/uploads\/2025\/02\/10-3-1536x922.png 1536w, https:\/\/studioefotografias.website\/wp-content\/uploads\/2025\/02\/10-3-2048x1229.png 2048w, https:\/\/studioefotografias.website\/wp-content\/uploads\/2025\/02\/10-3-200x120.png 200w\" sizes=\"(max-width: 800px) 100vw, 800px\" \/>\t\t\t\t\t\t\t\t\t\t\t\t\t\t\t<\/div>\n\t\t\t\t<\/div>\n\t\t\t\t<div class=\"elementor-element elementor-element-d2f30ac elementor-widget elementor-widget-image\" data-id=\"d2f30ac\" data-element_type=\"widget\" data-e-type=\"widget\" data-widget_type=\"image.default\">\n\t\t\t\t<div class=\"elementor-widget-container\">\n\t\t\t\t\t\t\t\t\t\t\t\t\t\t\t<img loading=\"lazy\" decoding=\"async\" width=\"800\" height=\"480\" src=\"https:\/\/studioefotografias.website\/wp-content\/uploads\/2025\/02\/8-1-1024x614.png\" class=\"attachment-large size-large wp-image-218\" alt=\"\" srcset=\"https:\/\/studioefotografias.website\/wp-content\/uploads\/2025\/02\/8-1-1024x614.png 1024w, https:\/\/studioefotografias.website\/wp-content\/uploads\/2025\/02\/8-1-300x180.png 300w, https:\/\/studioefotografias.website\/wp-content\/uploads\/2025\/02\/8-1-768x461.png 768w, https:\/\/studioefotografias.website\/wp-content\/uploads\/2025\/02\/8-1-1536x922.png 1536w, https:\/\/studioefotografias.website\/wp-content\/uploads\/2025\/02\/8-1-200x120.png 200w, https:\/\/studioefotografias.website\/wp-content\/uploads\/2025\/02\/8-1.png 1920w\" sizes=\"(max-width: 800px) 100vw, 800px\" \/>\t\t\t\t\t\t\t\t\t\t\t\t\t\t\t<\/div>\n\t\t\t\t<\/div>\n\t\t\t\t\t<\/div>\n\t\t\t\t<\/div>\n\t\t\t\t\t<\/div>\n\t\t<\/div>\n\t\t\t\t\t<\/div>\n\t\t<\/section>\n\t\t<div class=\"elementor-element elementor-element-725d1b1 e-flex e-con-boxed e-con e-parent\" data-id=\"725d1b1\" data-element_type=\"container\" data-e-type=\"container\">\n\t\t\t\t\t<div class=\"e-con-inner\">\n\t\t<div class=\"elementor-element elementor-element-e36b5a0 e-con-full e-flex e-con e-child\" data-id=\"e36b5a0\" data-element_type=\"container\" data-e-type=\"container\" data-settings=\"{&quot;background_background&quot;:&quot;classic&quot;}\">\n\t\t\t\t<div class=\"elementor-element elementor-element-cd4784b elementor-widget elementor-widget-spacer\" data-id=\"cd4784b\" data-element_type=\"widget\" data-e-type=\"widget\" data-widget_type=\"spacer.default\">\n\t\t\t\t<div class=\"elementor-widget-container\">\n\t\t\t\t\t\t\t<div class=\"elementor-spacer\">\n\t\t\t<div class=\"elementor-spacer-inner\"><\/div>\n\t\t<\/div>\n\t\t\t\t\t\t<\/div>\n\t\t\t\t<\/div>\n\t\t\t\t<\/div>\n\t\t<div class=\"elementor-element elementor-element-d2db27f e-con-full e-flex e-con e-child\" data-id=\"d2db27f\" data-element_type=\"container\" data-e-type=\"container\">\n\t\t\t\t<div class=\"elementor-element elementor-element-f60585d elementor-widget elementor-widget-elementskit-heading\" data-id=\"f60585d\" data-element_type=\"widget\" data-e-type=\"widget\" data-widget_type=\"elementskit-heading.default\">\n\t\t\t\t<div class=\"elementor-widget-container\">\n\t\t\t\t\t<div class=\"ekit-wid-con\" ><div class=\"ekit-heading elementskit-section-title-wraper text_left   ekit_heading_tablet-   ekit_heading_mobile-\"><h2 class=\"ekit-heading--title elementskit-section-title \">Letras monobloco para<span><span> publicidade<\/span><\/span><\/h2><div class=\"ekit_heading_separetor_wraper ekit_heading_elementskit-border-divider ekit-dotted\"><div class=\"elementskit-border-divider ekit-dotted\"><\/div><\/div><\/div><\/div>\t\t\t\t<\/div>\n\t\t\t\t<\/div>\n\t\t\t\t<div class=\"elementor-element elementor-element-c14619c elementor-widget__width-initial elementor-widget elementor-widget-text-editor\" data-id=\"c14619c\" data-element_type=\"widget\" data-e-type=\"widget\" data-widget_type=\"text-editor.default\">\n\t\t\t\t<div class=\"elementor-widget-container\">\n\t\t\t\t\t\t\t\t\tAs letras monobloco para publicidade s\u00e3o uma solu\u00e7\u00e3o eficaz para neg\u00f3cios de qualquer dimens\u00e3o. A nossa experi\u00eancia permite-nos criar ambientes diferenciadores que refletem o posicionamento e os valores da sua empresa. Conte com o nosso aconselhamento especializado, desde a produ\u00e7\u00e3o at\u00e9 \u00e0 instala\u00e7\u00e3o e assist\u00eancia t\u00e9cnica.\t\t\t\t\t\t\t\t<\/div>\n\t\t\t\t<\/div>\n\t\t\t\t<\/div>\n\t\t\t\t\t<\/div>\n\t\t\t\t<\/div>\n\t\t<div class=\"elementor-element elementor-element-1487445 e-flex e-con-boxed e-con e-parent\" data-id=\"1487445\" data-element_type=\"container\" data-e-type=\"container\" data-settings=\"{&quot;background_background&quot;:&quot;classic&quot;}\">\n\t\t\t\t\t<div class=\"e-con-inner\">\n\t\t\t\t<div class=\"elementor-element elementor-element-d884e72 elementor-widget elementor-widget-elementskit-heading\" data-id=\"d884e72\" data-element_type=\"widget\" data-e-type=\"widget\" data-widget_type=\"elementskit-heading.default\">\n\t\t\t\t<div class=\"elementor-widget-container\">\n\t\t\t\t\t<div class=\"ekit-wid-con\" ><div class=\"ekit-heading elementskit-section-title-wraper center   ekit_heading_tablet-   ekit_heading_mobile-\"><h2 class=\"ekit-heading--title elementskit-section-title \">Fale connosco e <br>pe\u00e7a j\u00e1 o seu <br><span><span>or\u00e7amento sem compromisso<\/span><\/span><\/h2><div class=\"ekit_heading_separetor_wraper ekit_heading_elementskit-border-divider ekit-dotted\"><div class=\"elementskit-border-divider ekit-dotted\"><\/div><\/div><\/div><\/div>\t\t\t\t<\/div>\n\t\t\t\t<\/div>\n\t\t\t\t<div class=\"elementor-element elementor-element-0cc7b38 elementor-align-start elementor-icon-list--layout-inline elementor-mobile-align-center elementor-list-item-link-full_width elementor-widget elementor-widget-icon-list\" data-id=\"0cc7b38\" data-element_type=\"widget\" data-e-type=\"widget\" data-widget_type=\"icon-list.default\">\n\t\t\t\t<div class=\"elementor-widget-container\">\n\t\t\t\t\t\t\t<ul class=\"elementor-icon-list-items elementor-inline-items\">\n\t\t\t\t\t\t\t<li class=\"elementor-icon-list-item elementor-inline-item\">\n\t\t\t\t\t\t\t\t\t\t\t<span class=\"elementor-icon-list-icon\">\n\t\t\t\t\t\t\t<svg aria-hidden=\"true\" class=\"e-font-icon-svg e-fas-pencil-ruler\" viewBox=\"0 0 512 512\" xmlns=\"http:\/\/www.w3.org\/2000\/svg\"><path d=\"M109.46 244.04l134.58-134.56-44.12-44.12-61.68 61.68a7.919 7.919 0 0 1-11.21 0l-11.21-11.21c-3.1-3.1-3.1-8.12 0-11.21l61.68-61.68-33.64-33.65C131.47-3.1 111.39-3.1 99 9.29L9.29 99c-12.38 12.39-12.39 32.47 0 44.86l100.17 100.18zm388.47-116.8c18.76-18.76 18.75-49.17 0-67.93l-45.25-45.25c-18.76-18.76-49.18-18.76-67.95 0l-46.02 46.01 113.2 113.2 46.02-46.03zM316.08 82.71l-297 296.96L.32 487.11c-2.53 14.49 10.09 27.11 24.59 24.56l107.45-18.84L429.28 195.9 316.08 82.71zm186.63 285.43l-33.64-33.64-61.68 61.68c-3.1 3.1-8.12 3.1-11.21 0l-11.21-11.21c-3.09-3.1-3.09-8.12 0-11.21l61.68-61.68-44.14-44.14L267.93 402.5l100.21 100.2c12.39 12.39 32.47 12.39 44.86 0l89.71-89.7c12.39-12.39 12.39-32.47 0-44.86z\"><\/path><\/svg>\t\t\t\t\t\t<\/span>\n\t\t\t\t\t\t\t\t\t\t<span class=\"elementor-icon-list-text\">Realizamos o Design<\/span>\n\t\t\t\t\t\t\t\t\t<\/li>\n\t\t\t\t\t\t\t\t<li class=\"elementor-icon-list-item elementor-inline-item\">\n\t\t\t\t\t\t\t\t\t\t\t<span class=\"elementor-icon-list-icon\">\n\t\t\t\t\t\t\t<svg aria-hidden=\"true\" class=\"e-font-icon-svg e-fas-industry\" viewBox=\"0 0 512 512\" xmlns=\"http:\/\/www.w3.org\/2000\/svg\"><path d=\"M475.115 163.781L336 252.309v-68.28c0-18.916-20.931-30.399-36.885-20.248L160 252.309V56c0-13.255-10.745-24-24-24H24C10.745 32 0 42.745 0 56v400c0 13.255 10.745 24 24 24h464c13.255 0 24-10.745 24-24V184.029c0-18.917-20.931-30.399-36.885-20.248z\"><\/path><\/svg>\t\t\t\t\t\t<\/span>\n\t\t\t\t\t\t\t\t\t\t<span class=\"elementor-icon-list-text\">Produ\u00e7\u00e3o<\/span>\n\t\t\t\t\t\t\t\t\t<\/li>\n\t\t\t\t\t\t\t\t<li class=\"elementor-icon-list-item elementor-inline-item\">\n\t\t\t\t\t\t\t\t\t\t\t<span class=\"elementor-icon-list-icon\">\n\t\t\t\t\t\t\t<i aria-hidden=\"true\" class=\"icon icon-engine\"><\/i>\t\t\t\t\t\t<\/span>\n\t\t\t\t\t\t\t\t\t\t<span class=\"elementor-icon-list-text\">Montagem<\/span>\n\t\t\t\t\t\t\t\t\t<\/li>\n\t\t\t\t\t\t<\/ul>\n\t\t\t\t\t\t<\/div>\n\t\t\t\t<\/div>\n\t\t\t\t<div class=\"elementor-element elementor-element-98e0a89 elementor-widget elementor-widget-button\" data-id=\"98e0a89\" data-element_type=\"widget\" data-e-type=\"widget\" data-widget_type=\"button.default\">\n\t\t\t\t<div class=\"elementor-widget-container\">\n\t\t\t\t\t\t\t\t\t<div class=\"elementor-button-wrapper\">\n\t\t\t\t\t<a class=\"elementor-button elementor-button-link elementor-size-sm\" href=\"https:\/\/wa.link\/b0lj9i\">\n\t\t\t\t\t\t<span class=\"elementor-button-content-wrapper\">\n\t\t\t\t\t\t\t\t\t<span class=\"elementor-button-text\">OR\u00c7AMENTO GRATUITO<\/span>\n\t\t\t\t\t<\/span>\n\t\t\t\t\t<\/a>\n\t\t\t\t<\/div>\n\t\t\t\t\t\t\t\t<\/div>\n\t\t\t\t<\/div>\n\t\t\t\t\t<\/div>\n\t\t\t\t<\/div>\n\t\t\t\t<\/div>\n\t\t","protected":false},"excerpt":{"rendered":"<p>letras em monobloco Letras Monobloco para Publicidade, Identifica\u00e7\u00e3o e Decora\u00e7\u00e3o As letras monobloco s\u00e3o ideais para destacar o nome da sua empresa, proporcionando visibilidade e notoriedade \u00e0 marca. No interior, funcionam como elementos decorativos de destaque. Fabricadas nas nossas instala\u00e7\u00f5es por t\u00e9cnicos especializados, s\u00e3o estudadas ao pormenor para garantir a escolha dos materiais mais adequados, [&hellip;]<\/p>\n","protected":false},"author":1,"featured_media":0,"parent":0,"menu_order":0,"comment_status":"closed","ping_status":"closed","template":"","meta":{"footnotes":""},"class_list":["post-411","page","type-page","status-publish","hentry"],"_links":{"self":[{"href":"https:\/\/studioefotografias.website\/index.php\/wp-json\/wp\/v2\/pages\/411","targetHints":{"allow":["GET"]}}],"collection":[{"href":"https:\/\/studioefotografias.website\/index.php\/wp-json\/wp\/v2\/pages"}],"about":[{"href":"https:\/\/studioefotografias.website\/index.php\/wp-json\/wp\/v2\/types\/page"}],"author":[{"embeddable":true,"href":"https:\/\/studioefotografias.website\/index.php\/wp-json\/wp\/v2\/users\/1"}],"replies":[{"embeddable":true,"href":"https:\/\/studioefotografias.website\/index.php\/wp-json\/wp\/v2\/comments?post=411"}],"version-history":[{"count":16,"href":"https:\/\/studioefotografias.website\/index.php\/wp-json\/wp\/v2\/pages\/411\/revisions"}],"predecessor-version":[{"id":655,"href":"https:\/\/studioefotografias.website\/index.php\/wp-json\/wp\/v2\/pages\/411\/revisions\/655"}],"wp:attachment":[{"href":"https:\/\/studioefotografias.website\/index.php\/wp-json\/wp\/v2\/media?parent=411"}],"curies":[{"name":"wp","href":"https:\/\/api.w.org\/{rel}","templated":true}]}}